{"id":3445,"date":"2020-11-24T12:01:42","date_gmt":"2020-11-24T11:01:42","guid":{"rendered":"http:\/\/www.libourne.fr\/plan-arbres\/?page_id=3445"},"modified":"2020-11-25T17:56:29","modified_gmt":"2020-11-25T16:56:29","slug":"conseils","status":"publish","type":"page","link":"https:\/\/www.libourne.fr\/plan-arbres\/conseils\/","title":{"rendered":"Conseils"},"content":{"rendered":"\t\t<div data-elementor-type=\"wp-page\" data-elementor-id=\"3445\" class=\"elementor elementor-3445\">\n\t\t\t\t\t\t<div class=\"elementor-inner\">\n\t\t\t\t<div class=\"elementor-section-wrap\">\n\t\t\t\t\t\t\t\t\t<section class=\"elementor-section elementor-top-section elementor-element elementor-element-2018cc3 elementor-section-boxed elementor-section-height-default elementor-section-height-default\" data-id=\"2018cc3\" data-element_type=\"section\" data-settings=\"{&quot;background_background&quot;:&quot;classic&quot;}\">\n\t\t\t\t\t\t<div class=\"elementor-container elementor-column-gap-default\">\n\t\t\t\t\t\t\t<div class=\"elementor-row\">\n\t\t\t\t\t<div class=\"elementor-column elementor-col-100 elementor-top-column elementor-element elementor-element-5d5ac41 elementor-invisible\" data-id=\"5d5ac41\" data-element_type=\"column\" data-settings=\"{&quot;animation&quot;:&quot;fadeInLeft&quot;,&quot;animation_delay&quot;:1000}\">\n\t\t\t<div class=\"elementor-column-wrap elementor-element-populated\">\n\t\t\t\t\t\t\t<div class=\"elementor-widget-wrap\">\n\t\t\t\t\t\t<div class=\"elementor-element elementor-element-53817f2 elementor-widget elementor-widget-heading\" data-id=\"53817f2\" data-element_type=\"widget\" data-widget_type=\"heading.default\">\n\t\t\t\t<div class=\"elementor-widget-container\">\n\t\t\t<h2 class=\"elementor-heading-title elementor-size-default\">Quelques conseils<\/h2>\t\t<\/div>\n\t\t\t\t<\/div>\n\t\t\t\t<div class=\"elementor-element elementor-element-ab45e32 elementor-widget elementor-widget-text-editor\" data-id=\"ab45e32\" data-element_type=\"widget\" data-widget_type=\"text-editor.default\">\n\t\t\t\t<div class=\"elementor-widget-container\">\n\t\t\t\t\t\t\t\t<div class=\"elementor-text-editor elementor-clearfix\">\n\t\t\t\t<p>L\u2019arbre tient une place \u00e0 part dans nos jardins. Sa plantation est l\u2019\u00e9tape fondamentale dans sa vie. De sa qualit\u00e9 d\u00e9pendra en bonne partie son d\u00e9veloppement futur.\nLa connaissance de quelques principes simples permet de donner les meilleures chances \u00e0 l\u2019arbre.<\/p>\n<p>Un arbre est un organisme vivant. Il doit \u00eatre adapt\u00e9 \u00e0 son environnement sur le plan du climat, du sol ou encore de l\u2019espace disponible afin d\u2019avoir un d\u00e9veloppement harmonieux avec un minimum d\u2019entretien et surtout sans taille.<\/p>\t\t\t\t\t<\/div>\n\t\t\t\t\t\t<\/div>\n\t\t\t\t<\/div>\n\t\t\t\t\t\t<\/div>\n\t\t\t\t\t<\/div>\n\t\t<\/div>\n\t\t\t\t\t\t\t\t<\/div>\n\t\t\t\t\t<\/div>\n\t\t<\/section>\n\t\t\t\t<section class=\"elementor-section elementor-top-section elementor-element elementor-element-9832e68 elementor-section-boxed elementor-section-height-default elementor-section-height-default\" data-id=\"9832e68\" data-element_type=\"section\" data-settings=\"{&quot;background_background&quot;:&quot;classic&quot;,&quot;shape_divider_bottom&quot;:&quot;pyramids&quot;,&quot;shape_divider_bottom_negative&quot;:&quot;yes&quot;}\">\n\t\t\t\t\t<div class=\"elementor-shape elementor-shape-bottom\" data-negative=\"true\">\n\t\t\t<svg xmlns=\"http:\/\/www.w3.org\/2000\/svg\" viewBox=\"0 0 1000 100\" preserveAspectRatio=\"none\">\n\t<path class=\"elementor-shape-fill\" d=\"M761.9,40.6L643.1,24L333.9,93.8L0.1,1H0v99h1000V1\"\/>\n<\/svg>\t\t<\/div>\n\t\t\t\t\t<div class=\"elementor-container elementor-column-gap-default\">\n\t\t\t\t\t\t\t<div class=\"elementor-row\">\n\t\t\t\t\t<div class=\"elementor-column elementor-col-33 elementor-top-column elementor-element elementor-element-bdd5dcc elementor-invisible\" data-id=\"bdd5dcc\" data-element_type=\"column\" data-settings=\"{&quot;background_background&quot;:&quot;slideshow&quot;,&quot;animation&quot;:&quot;bounceIn&quot;,&quot;animation_delay&quot;:1500,&quot;background_slideshow_gallery&quot;:[],&quot;background_slideshow_slide_duration&quot;:5000,&quot;background_slideshow_slide_transition&quot;:&quot;fade&quot;,&quot;background_slideshow_transition_duration&quot;:500}\">\n\t\t\t<div class=\"elementor-column-wrap elementor-element-populated\">\n\t\t\t\t\t\t\t<div class=\"elementor-widget-wrap\">\n\t\t\t\t\t\t<div class=\"elementor-element elementor-element-3b67bcf elementor-widget elementor-widget-image\" data-id=\"3b67bcf\" data-element_type=\"widget\" data-widget_type=\"image.default\">\n\t\t\t\t<div class=\"elementor-widget-container\">\n\t\t\t\t\t\t\t\t<div class=\"elementor-image\">\n\t\t\t\t\t\t\t\t\t\t\t\t<img decoding=\"async\" width=\"500\" height=\"500\" src=\"https:\/\/www.libourne.fr\/plan-arbres\/wp-content\/uploads\/2020\/10\/arbre.jpg\" class=\"attachment-full size-full wp-image-3329\" alt=\"\" loading=\"lazy\" \/>\t\t\t\t\t\t\t\t\t\t\t\t\t\t<\/div>\n\t\t\t\t\t\t<\/div>\n\t\t\t\t<\/div>\n\t\t\t\t\t\t<\/div>\n\t\t\t\t\t<\/div>\n\t\t<\/div>\n\t\t\t\t<div class=\"elementor-column elementor-col-66 elementor-top-column elementor-element elementor-element-ddad451\" data-id=\"ddad451\" data-element_type=\"column\">\n\t\t\t<div class=\"elementor-column-wrap elementor-element-populated\">\n\t\t\t\t\t\t\t<div class=\"elementor-widget-wrap\">\n\t\t\t\t\t\t<div class=\"elementor-element elementor-element-98351f5 elementor-invisible elementor-widget elementor-widget-eael-feature-list\" data-id=\"98351f5\" data-element_type=\"widget\" data-settings=\"{&quot;_animation&quot;:&quot;fadeIn&quot;,&quot;_animation_delay&quot;:2000}\" data-widget_type=\"eael-feature-list.default\">\n\t\t\t\t<div class=\"elementor-widget-container\">\n\t\t\t\t\t<div class=\"-icon-position-left -tablet-icon-position-left -mobile-icon-position-left\">\n\t\t\t<ul id=\"eael-feature-list-98351f5\" class=\"eael-feature-list-items rhombus stacked connector-type-classic\">\n\t\t\t                <li class=\"eael-feature-list-item elementor-repeater-item-611023e\">\n                                            <span class=\"connector\" style=\"right: calc(100% - 103px); left: 0;\"><\/span>\n                        <span class=\"connector connector-tablet\" style=\"right: calc(100% - 103px); left: 0;\"><\/span>\n                        <span class=\"connector connector-mobile\" style=\"right: calc(100% - 103px); left: 0;\"><\/span>\n                    \n\t\t\t\t\t\t<div class=\"eael-feature-list-icon-box\">\n\t\t\t\t\t\t\t<div class=\"eael-feature-list-icon-inner\">\n\n\t\t\t\t\t\t\t\t<span class=\"eael-feature-list-icon fl-icon-0\">\n\n\t\t<i aria-hidden=\"true\" class=\"far fa-calendar-check\"><\/i>\t\t\t\t\t\t\t\t<\/span>\n\t\t\t\t\t\t\t<\/div>\n\t\t\t\t\t\t<\/div>\n\t\t\t\t\t\t<div class=\"eael-feature-list-content-box\">\n\t\t\t\t\t\t\t<h3 class=\"eael-feature-list-title\"\t\t\t\t\t\t\t>Quelle est la meilleure p\u00e9riode pour planter ?<\/h3\t\t\t\t\t\t>\n\t\t\t\t\t\t<p class=\"eael-feature-list-content\">La p\u00e9riode de plantation s\u2019\u00e9tend du 1er novembre au 31 mars en \u00e9vitant les p\u00e9riodes de s\u00e9cheresse et de fortes gel\u00e9es.\nLes conif\u00e8res affectionnent une plantation \u00e0 l\u2019automne tandis que les feuillus peuvent \u00eatre plant\u00e9s jusqu'au printemps.\nLe 25 novembre \"A la Sainte Catherine, tout bois prend racine !\". Ce dicton est toujours vrai. D\u2019une mani\u00e8re g\u00e9n\u00e9rale, on choisira de planter lorsque les conditions climatiques sont cl\u00e9mentes. Plus un v\u00e9g\u00e9tal sera plant\u00e9 t\u00f4t en saison, plus ses racines auront le temps de se d\u00e9velopper, et meilleure sera sa croissance la premi\u00e8re ann\u00e9e.<\/p>\n\t\t\t\t\t\t<\/div>\n\n\t\t\t\t\t<\/li>\n\t\t\t\t                <li class=\"eael-feature-list-item elementor-repeater-item-1da5e75\">\n                                            <span class=\"connector\" style=\"right: calc(100% - 103px); left: 0;\"><\/span>\n                        <span class=\"connector connector-tablet\" style=\"right: calc(100% - 103px); left: 0;\"><\/span>\n                        <span class=\"connector connector-mobile\" style=\"right: calc(100% - 103px); left: 0;\"><\/span>\n                    \n\t\t\t\t\t\t<div class=\"eael-feature-list-icon-box\">\n\t\t\t\t\t\t\t<div class=\"eael-feature-list-icon-inner\">\n\n\t\t\t\t\t\t\t\t<span class=\"eael-feature-list-icon fl-icon-1\">\n\n\t\t<i aria-hidden=\"true\" class=\"fas fa-tree\"><\/i>\t\t\t\t\t\t\t\t<\/span>\n\t\t\t\t\t\t\t<\/div>\n\t\t\t\t\t\t<\/div>\n\t\t\t\t\t\t<div class=\"eael-feature-list-content-box\">\n\t\t\t\t\t\t\t<h3 class=\"eael-feature-list-title\"\t\t\t\t\t\t\t>Que planter ?<\/h3\t\t\t\t\t\t>\n\t\t\t\t\t\t<p class=\"eael-feature-list-content\">Il est primordial de planter des arbres dans une terre et un environnement qui leur convient. Par exemple, si le sol est sec, ne pas choisir un v\u00e9g\u00e9tal qui a besoin d\u2019un sol humide. Toujours se demander si l\u2019arbre correspond \u00e0 son environnement. <\/p>\n\t\t\t\t\t\t<\/div>\n\n\t\t\t\t\t<\/li>\n\t\t\t\t                <li class=\"eael-feature-list-item elementor-repeater-item-d3cdbfa\">\n                                            <span class=\"connector\" style=\"right: calc(100% - 103px); left: 0;\"><\/span>\n                        <span class=\"connector connector-tablet\" style=\"right: calc(100% - 103px); left: 0;\"><\/span>\n                        <span class=\"connector connector-mobile\" style=\"right: calc(100% - 103px); left: 0;\"><\/span>\n                    \n\t\t\t\t\t\t<div class=\"eael-feature-list-icon-box\">\n\t\t\t\t\t\t\t<div class=\"eael-feature-list-icon-inner\">\n\n\t\t\t\t\t\t\t\t<span class=\"eael-feature-list-icon fl-icon-2\">\n\n\t\t<i aria-hidden=\"true\" class=\"icon icon-planting\"><\/i>\t\t\t\t\t\t\t\t<\/span>\n\t\t\t\t\t\t\t<\/div>\n\t\t\t\t\t\t<\/div>\n\t\t\t\t\t\t<div class=\"eael-feature-list-content-box\">\n\t\t\t\t\t\t\t<h3 class=\"eael-feature-list-title\"\t\t\t\t\t\t\t>O\u00f9 planter ?<\/h3\t\t\t\t\t\t>\n\t\t\t\t\t\t<p class=\"eael-feature-list-content\">Toujours se poser la question des dimensions adultes des v\u00e9g\u00e9taux, et respecter les distances entre les habitations et les voisins. Une fois encore, tailler un arbre car il manque d\u2019espace est une erreur, il faut donc imp\u00e9rativement choisir la taille des v\u00e9g\u00e9taux avec l\u2019espace disponible.<\/p>\n\t\t\t\t\t\t<\/div>\n\n\t\t\t\t\t<\/li>\n\t\t\t\t                <li class=\"eael-feature-list-item elementor-repeater-item-3e14843\">\n                                            <span class=\"connector\" style=\"right: calc(100% - 103px); left: 0;\"><\/span>\n                        <span class=\"connector connector-tablet\" style=\"right: calc(100% - 103px); left: 0;\"><\/span>\n                        <span class=\"connector connector-mobile\" style=\"right: calc(100% - 103px); left: 0;\"><\/span>\n                    \n\t\t\t\t\t\t<div class=\"eael-feature-list-icon-box\">\n\t\t\t\t\t\t\t<div class=\"eael-feature-list-icon-inner\">\n\n\t\t\t\t\t\t\t\t<span class=\"eael-feature-list-icon fl-icon-3\">\n\n\t\t<i aria-hidden=\"true\" class=\"icon icon-drop\"><\/i>\t\t\t\t\t\t\t\t<\/span>\n\t\t\t\t\t\t\t<\/div>\n\t\t\t\t\t\t<\/div>\n\t\t\t\t\t\t<div class=\"eael-feature-list-content-box\">\n\t\t\t\t\t\t\t<h3 class=\"eael-feature-list-title\"\t\t\t\t\t\t\t>Quand arroser ?<\/h3\t\t\t\t\t\t>\n\t\t\t\t\t\t<p class=\"eael-feature-list-content\">Les conseils ne concernent que les v\u00e9g\u00e9taux plant\u00e9s en pleine terre. Le suivi des arbres doit \u00eatre effectif sur trois ans. Il faut veiller \u00e0 les arroser r\u00e9guli\u00e8rement en tenant compte \u00e9videment de la m\u00e9t\u00e9o et de leurs besoins. \n Attention toutefois \u00e0 ne jamais trop arroser. Trop d'eau ferait pourrir les racines en les asphyxiant. Les plantes prennent un teint jaun\u00e2tre, poussent moins. En arrosant trop souvent, vous risquez aussi de rendre la plante d\u00e9pendante \u00e0 l'irrigation. Il vaut mieux un gros arrosage, 100 litres minimum, puis laisser la plante souffrir un peu pour l\u2019obliger \u00e0 chercher de l\u2019eau en profondeur.\nA profiter d'un arrosage r\u00e9gulier, la plante n'a pas \u00e0 aller chercher l'eau tr\u00e8s en profondeur : elle se contente d'exploiter celle que vous lui apportez, \u00e0 l'aide de racines situ\u00e9es pr\u00e8s de la surface du sol. Et lorsque la s\u00e9cheresse arrive, que vous n'arrosez plus... c'est la catastrophe !!<\/p>\n\t\t\t\t\t\t<\/div>\n\n\t\t\t\t\t<\/li>\n\t\t\t\t\t\t\t<\/ul>\n\t\t<\/div>\n\t\t\t\t<\/div>\n\t\t\t\t<\/div>\n\t\t\t\t\t\t<\/div>\n\t\t\t\t\t<\/div>\n\t\t<\/div>\n\t\t\t\t\t\t\t\t<\/div>\n\t\t\t\t\t<\/div>\n\t\t<\/section>\n\t\t\t\t<section class=\"elementor-section elementor-top-section elementor-element elementor-element-f38479d elementor-section-boxed elementor-section-height-default elementor-section-height-default\" data-id=\"f38479d\" data-element_type=\"section\">\n\t\t\t\t\t\t<div class=\"elementor-container elementor-column-gap-default\">\n\t\t\t\t\t\t\t<div class=\"elementor-row\">\n\t\t\t\t\t<div class=\"elementor-column elementor-col-50 elementor-top-column elementor-element elementor-element-c230ab2\" data-id=\"c230ab2\" data-element_type=\"column\">\n\t\t\t<div class=\"elementor-column-wrap elementor-element-populated\">\n\t\t\t\t\t\t\t<div class=\"elementor-widget-wrap\">\n\t\t\t\t\t\t<div class=\"elementor-element elementor-element-5b5bd82 elementor-widget elementor-widget-text-editor\" data-id=\"5b5bd82\" data-element_type=\"widget\" data-widget_type=\"text-editor.default\">\n\t\t\t\t<div class=\"elementor-widget-container\">\n\t\t\t\t\t\t\t\t<div class=\"elementor-text-editor elementor-clearfix\">\n\t\t\t\t<p>Site r\u00e9alis\u00e9 par le service Communication Ville de Libourne \/ La Cali \u00a9 Tous droits r\u00e9serv\u00e9s<\/p>\t\t\t\t\t<\/div>\n\t\t\t\t\t\t<\/div>\n\t\t\t\t<\/div>\n\t\t\t\t\t\t<\/div>\n\t\t\t\t\t<\/div>\n\t\t<\/div>\n\t\t\t\t<div class=\"elementor-column elementor-col-50 elementor-top-column elementor-element elementor-element-4053224\" data-id=\"4053224\" data-element_type=\"column\">\n\t\t\t<div class=\"elementor-column-wrap elementor-element-populated\">\n\t\t\t\t\t\t\t<div class=\"elementor-widget-wrap\">\n\t\t\t\t\t\t<div class=\"elementor-element elementor-element-cb75564 elementor-shape-square e-grid-align-right elementor-grid-0 elementor-widget elementor-widget-social-icons\" data-id=\"cb75564\" data-element_type=\"widget\" data-widget_type=\"social-icons.default\">\n\t\t\t\t<div class=\"elementor-widget-container\">\n\t\t\t\t\t<div class=\"elementor-social-icons-wrapper elementor-grid\">\n\t\t\t\t\t\t\t<span class=\"elementor-grid-item\">\n\t\t\t\t\t<a class=\"elementor-icon elementor-social-icon elementor-social-icon-facebook elementor-repeater-item-b8058c9\" href=\"https:\/\/www.facebook.com\/ville.de.libourne\" target=\"_blank\">\n\t\t\t\t\t\t<span class=\"elementor-screen-only\">Facebook<\/span>\n\t\t\t\t\t\t<i class=\"fab fa-facebook\"><\/i>\t\t\t\t\t<\/a>\n\t\t\t\t<\/span>\n\t\t\t\t\t\t\t<span class=\"elementor-grid-item\">\n\t\t\t\t\t<a class=\"elementor-icon elementor-social-icon elementor-social-icon-instagram elementor-repeater-item-669dd26\" href=\"https:\/\/www.instagram.com\/libournefr\/\" target=\"_blank\">\n\t\t\t\t\t\t<span class=\"elementor-screen-only\">Instagram<\/span>\n\t\t\t\t\t\t<i class=\"fab fa-instagram\"><\/i>\t\t\t\t\t<\/a>\n\t\t\t\t<\/span>\n\t\t\t\t\t<\/div>\n\t\t\t\t<\/div>\n\t\t\t\t<\/div>\n\t\t\t\t\t\t<\/div>\n\t\t\t\t\t<\/div>\n\t\t<\/div>\n\t\t\t\t\t\t\t\t<\/div>\n\t\t\t\t\t<\/div>\n\t\t<\/section>\n\t\t\t\t\t\t\t\t\t<\/div>\n\t\t\t<\/div>\n\t\t\t\t\t<\/div>\n\t\t","protected":false},"excerpt":{"rendered":"<p>Quelques conseils L\u2019arbre tient une place \u00e0 part dans nos jardins. Sa plantation est l\u2019\u00e9tape fondamentale dans sa vie. De sa qualit\u00e9 d\u00e9pendra en bonne partie son d\u00e9veloppement futur. La connaissance de quelques principes simples permet de donner les meilleures chances \u00e0 l\u2019arbre. Un arbre est un organisme vivant. Il doit \u00eatre adapt\u00e9 \u00e0 son [&hellip;]<\/p>\n","protected":false},"author":1,"featured_media":0,"parent":0,"menu_order":0,"comment_status":"closed","ping_status":"closed","template":"","meta":[],"_links":{"self":[{"href":"https:\/\/www.libourne.fr\/plan-arbres\/wp-json\/wp\/v2\/pages\/3445"}],"collection":[{"href":"https:\/\/www.libourne.fr\/plan-arbres\/wp-json\/wp\/v2\/pages"}],"about":[{"href":"https:\/\/www.libourne.fr\/plan-arbres\/wp-json\/wp\/v2\/types\/page"}],"author":[{"embeddable":true,"href":"https:\/\/www.libourne.fr\/plan-arbres\/wp-json\/wp\/v2\/users\/1"}],"replies":[{"embeddable":true,"href":"https:\/\/www.libourne.fr\/plan-arbres\/wp-json\/wp\/v2\/comments?post=3445"}],"version-history":[{"count":19,"href":"https:\/\/www.libourne.fr\/plan-arbres\/wp-json\/wp\/v2\/pages\/3445\/revisions"}],"predecessor-version":[{"id":3651,"href":"https:\/\/www.libourne.fr\/plan-arbres\/wp-json\/wp\/v2\/pages\/3445\/revisions\/3651"}],"wp:attachment":[{"href":"https:\/\/www.libourne.fr\/plan-arbres\/wp-json\/wp\/v2\/media?parent=3445"}],"curies":[{"name":"wp","href":"https:\/\/api.w.org\/{rel}","templated":true}]}}